{"id":2197,"date":"2023-03-14T14:37:09","date_gmt":"2023-03-14T14:37:09","guid":{"rendered":"https:\/\/hoteltorresmanlleu.com\/?post_type=product&#038;p=2197"},"modified":"2023-05-08T11:10:49","modified_gmt":"2023-05-08T11:10:49","slug":"pack-escapada-en-familia","status":"publish","type":"product","link":"https:\/\/hoteltorresmanlleu.com\/fr\/produit\/pack-escapade-en-famille\/","title":{"rendered":"Forfait Escapade en Famille"},"content":{"rendered":"<h2><strong>Qu&#039;est-ce qui est inclus dans notre Pack Escapade en Famille ?<\/strong><\/h2>\n<ul>\n<li>H\u00e9bergement en Chambre Quadruple de l&#039;H\u00f4tel Cims Camprodon<\/li>\n<li>D\u00e9part tardif (sous r\u00e9serve de disponibilit\u00e9)<\/li>\n<li>Place de parking de l&#039;h\u00f4tel (sous r\u00e9serve de disponibilit\u00e9)<\/li>\n<\/ul>\n<p>***Si vous souhaitez inclure le petit-d\u00e9jeuner, demandez-nous par mail<\/p>\n<p><strong>Disponibilit\u00e9: <\/strong>Le pack est disponible toute l&#039;ann\u00e9e en basse saison.<\/p>\n<p><strong>Quels jours est-il valable ? <\/strong>Le pack Family Getaway peut \u00eatre utilis\u00e9 n&#039;importe quel vendredi en basse saison.<\/p>\n<p><strong>Comment vais-je recevoir le bonus\u00a0? <\/strong>Une fois le bon cadeau achet\u00e9, vous recevrez par email un Bon cadeau au format PDF que vous nous aurez joint.<\/p>\n<p><strong>Comment puis-je utiliser le bonus\u00a0? <\/strong>Pour utiliser le bon et r\u00e9server, vous devrez appeler l&#039;h\u00f4tel <a href=\"tel: +34 972 753 092\">au +34 972 753 092 <\/a>ou envoyer un e-mail \u00e0 <a href=\"mailto:info@hoteltorresmanlleu.com\">info@hoteltorresmanlleu.com<\/a> indiquant les jours o\u00f9 vous souhaitez effectuer la r\u00e9servation. Vous recevrez ensuite un e-mail confirmant votre r\u00e9servation.<\/p>\n<p>&nbsp;<\/p>","protected":false},"excerpt":{"rendered":"<p>Procurez-vous votre Pack Escapade Famille \u00e0 l&#039;H\u00f4tel Cims Camprodon. Id\u00e9al pour d\u00e9connecter et profiter d&#039;une escapade magique en famille dans la vall\u00e9e de Camprodon.<\/p>\n<p>L&#039;H\u00f4tel Cims Camprodon est un petit h\u00f4tel B&amp;B chaleureux situ\u00e9 dans le centre de Camprodon, id\u00e9al pour une escapade en famille.<\/p>","protected":false},"featured_media":0,"comment_status":"closed","ping_status":"closed","template":"","meta":{"site-sidebar-layout":"default","site-content-layout":"default","ast-site-content-layout":"","site-content-style":"default","site-sidebar-style":"default","ast-global-header-display":"","ast-banner-title-visibility":"","ast-main-header-display":"","ast-hfb-above-header-display":"","ast-hfb-below-header-display":"","ast-hfb-mobile-header-display":"","site-post-title":"","ast-breadcrumbs-content":"","ast-featured-img":"","footer-sml-layout":"","theme-transparent-header-meta":"default","adv-header-id-meta":"","stick-header-meta":"default","header-above-stick-meta":"","header-main-stick-meta":"","header-below-stick-meta":"","astra-migrate-meta-layouts":"default","ast-page-background-enabled":"default","ast-page-background-meta":{"desktop":{"background-color":"","background-image":"","background-repeat":"repeat","background-position":"center center","background-size":"auto","background-attachment":"scroll","background-type":"","background-media":"","overlay-type":"","overlay-color":"","overlay-gradient":""},"tablet":{"background-color":"","background-image":"","background-repeat":"repeat","background-position":"center center","background-size":"auto","background-attachment":"scroll","background-type":"","background-media":"","overlay-type":"","overlay-color":"","overlay-gradient":""},"mobile":{"background-color":"","background-image":"","background-repeat":"repeat","background-position":"center center","background-size":"auto","background-attachment":"scroll","background-type":"","background-media":"","overlay-type":"","overlay-color":"","overlay-gradient":""}},"ast-content-background-meta":{"desktop":{"background-color":"var(--ast-global-color-5)","background-image":"","background-repeat":"repeat","background-position":"center center","background-size":"auto","background-attachment":"scroll","background-type":"","background-media":"","overlay-type":"","overlay-color":"","overlay-gradient":""},"tablet":{"background-color":"var(--ast-global-color-5)","background-image":"","background-repeat":"repeat","background-position":"center center","background-size":"auto","background-attachment":"scroll","background-type":"","background-media":"","overlay-type":"","overlay-color":"","overlay-gradient":""},"mobile":{"background-color":"var(--ast-global-color-5)","background-image":"","background-repeat":"repeat","background-position":"center center","background-size":"auto","background-attachment":"scroll","background-type":"","background-media":"","overlay-type":"","overlay-color":"","overlay-gradient":""}}},"product_brand":[],"product_cat":[20],"product_tag":[],"class_list":{"0":"post-2197","1":"product","2":"type-product","3":"status-publish","5":"product_cat-sin-categorizar","6":"desktop-align-left","7":"tablet-align-left","8":"mobile-align-left","9":"ast-product-gallery-layout-horizontal-slider","10":"ast-product-single-variable","11":"ast-product-tabs-layout-horizontal","13":"first","14":"instock","15":"sale","16":"shipping-taxable","17":"purchasable","18":"product-type-variable"},"yoast_head":"<!-- This site is optimized with the Yoast SEO plugin v27.1.1 - https:\/\/yoast.com\/product\/yoast-seo-wordpress\/ -->\n<title>Pack Escapada en Familia | Hotel Cims Camprodon<\/title>\n<meta name=\"description\" content=\"Disfruta del Pack Escapada en Familia del Hotel Cims Camprodon. Ideal para una escapada m\u00e1gica en familia en el valle de Camprodon.\" \/>\n<meta name=\"robots\" content=\"index, follow, max-snippet:-1, max-image-preview:large, max-video-preview:-1\" \/>\n<link rel=\"canonical\" href=\"https:\/\/hoteltorresmanlleu.com\/fr\/produit\/pack-escapade-en-famille\/\" \/>\n<meta property=\"og:locale\" content=\"fr_FR\" \/>\n<meta property=\"og:type\" content=\"article\" \/>\n<meta property=\"og:title\" content=\"Pack Escapada en Familia | Hotel Cims Camprodon\" \/>\n<meta property=\"og:description\" content=\"Disfruta del Pack Escapada en Familia del Hotel Cims Camprodon. Ideal para una escapada m\u00e1gica en familia en el valle de Camprodon.\" \/>\n<meta property=\"og:url\" content=\"https:\/\/hoteltorresmanlleu.com\/fr\/produit\/pack-escapade-en-famille\/\" \/>\n<meta property=\"og:site_name\" content=\"Hotel Torres Manlleu\" \/>\n<meta property=\"article:modified_time\" content=\"2023-05-08T11:10:49+00:00\" \/>\n<meta property=\"og:image\" content=\"https:\/\/hoteltorresmanlleu.com\/wp-content\/uploads\/2023\/03\/20221123_Cims_166-1.jpg\" \/>\n\t<meta property=\"og:image:width\" content=\"2500\" \/>\n\t<meta property=\"og:image:height\" content=\"1667\" \/>\n\t<meta property=\"og:image:type\" content=\"image\/jpeg\" \/>\n<meta name=\"twitter:card\" content=\"summary_large_image\" \/>\n<meta name=\"twitter:label1\" content=\"Dur\u00e9e de lecture estim\u00e9e\" \/>\n\t<meta name=\"twitter:data1\" content=\"1 minute\" \/>\n<script type=\"application\/ld+json\" class=\"yoast-schema-graph\">{\"@context\":\"https:\/\/schema.org\",\"@graph\":[{\"@type\":\"WebPage\",\"@id\":\"https:\/\/hoteltorresmanlleu.com\/producto\/pack-escapada-en-familia\/\",\"url\":\"https:\/\/hoteltorresmanlleu.com\/producto\/pack-escapada-en-familia\/\",\"name\":\"Pack Escapada en Familia | Hotel Cims Camprodon\",\"isPartOf\":{\"@id\":\"\/#website\"},\"datePublished\":\"2023-03-14T14:37:09+00:00\",\"dateModified\":\"2023-05-08T11:10:49+00:00\",\"description\":\"Disfruta del Pack Escapada en Familia del Hotel Cims Camprodon. Ideal para una escapada m\u00e1gica en familia en el valle de Camprodon.\",\"breadcrumb\":{\"@id\":\"https:\/\/hoteltorresmanlleu.com\/producto\/pack-escapada-en-familia\/#breadcrumb\"},\"inLanguage\":\"fr-FR\",\"potentialAction\":[{\"@type\":\"ReadAction\",\"target\":[\"https:\/\/hoteltorresmanlleu.com\/producto\/pack-escapada-en-familia\/\"]}]},{\"@type\":\"BreadcrumbList\",\"@id\":\"https:\/\/hoteltorresmanlleu.com\/producto\/pack-escapada-en-familia\/#breadcrumb\",\"itemListElement\":[{\"@type\":\"ListItem\",\"position\":1,\"name\":\"Portada\",\"item\":\"https:\/\/hoteltorresmanlleu.com\/\"},{\"@type\":\"ListItem\",\"position\":2,\"name\":\"Pack Escapada en familia\"}]},{\"@type\":\"WebSite\",\"@id\":\"\/#website\",\"url\":\"\/\",\"name\":\"Hotel Torres Manlleu\",\"description\":\"El Hotel Torres Manlleu es un hotel ubicado en el centro de la ciudad de Manlleu. Hotel con restaurante situado al lado del R\u00edo Ter.\",\"publisher\":{\"@id\":\"\/#organization\"},\"potentialAction\":[{\"@type\":\"SearchAction\",\"target\":{\"@type\":\"EntryPoint\",\"urlTemplate\":\"\/?s={search_term_string}\"},\"query-input\":{\"@type\":\"PropertyValueSpecification\",\"valueRequired\":true,\"valueName\":\"search_term_string\"}}],\"inLanguage\":\"fr-FR\"},{\"@type\":\"Organization\",\"@id\":\"\/#organization\",\"name\":\"Hotel Torres Manlleu\",\"url\":\"\/\",\"logo\":{\"@type\":\"ImageObject\",\"inLanguage\":\"fr-FR\",\"@id\":\"\/#\/schema\/logo\/image\/\",\"url\":\"\",\"contentUrl\":\"\",\"caption\":\"Hotel Torres Manlleu\"},\"image\":{\"@id\":\"\/#\/schema\/logo\/image\/\"}}]}<\/script>\n<!-- \/ Yoast SEO plugin. -->","yoast_head_json":{"title":"Forfait Escapade en Famille | H\u00f4tel Cims Camprodon","description":"Profitez du Pack Escapade Famille \u00e0 l&#039;h\u00f4tel Cims Camprodon. Id\u00e9al pour une escapade magique en famille dans la vall\u00e9e de Camprodon.","robots":{"index":"index","follow":"follow","max-snippet":"max-snippet:-1","max-image-preview":"max-image-preview:large","max-video-preview":"max-video-preview:-1"},"canonical":"https:\/\/hoteltorresmanlleu.com\/fr\/produit\/pack-escapade-en-famille\/","og_locale":"fr_FR","og_type":"article","og_title":"Pack Escapada en Familia | Hotel Cims Camprodon","og_description":"Disfruta del Pack Escapada en Familia del Hotel Cims Camprodon. Ideal para una escapada m\u00e1gica en familia en el valle de Camprodon.","og_url":"https:\/\/hoteltorresmanlleu.com\/fr\/produit\/pack-escapade-en-famille\/","og_site_name":"Hotel Torres Manlleu","article_modified_time":"2023-05-08T11:10:49+00:00","og_image":[{"width":2500,"height":1667,"url":"https:\/\/hoteltorresmanlleu.com\/wp-content\/uploads\/2023\/03\/20221123_Cims_166-1.jpg","type":"image\/jpeg"}],"twitter_card":"summary_large_image","twitter_misc":{"Dur\u00e9e de lecture estim\u00e9e":"1 minute"},"schema":{"@context":"https:\/\/schema.org","@graph":[{"@type":"WebPage","@id":"https:\/\/hoteltorresmanlleu.com\/producto\/pack-escapada-en-familia\/","url":"https:\/\/hoteltorresmanlleu.com\/producto\/pack-escapada-en-familia\/","name":"Forfait Escapade en Famille | H\u00f4tel Cims Camprodon","isPartOf":{"@id":"\/#website"},"datePublished":"2023-03-14T14:37:09+00:00","dateModified":"2023-05-08T11:10:49+00:00","description":"Profitez du Pack Escapade Famille \u00e0 l&#039;h\u00f4tel Cims Camprodon. Id\u00e9al pour une escapade magique en famille dans la vall\u00e9e de Camprodon.","breadcrumb":{"@id":"https:\/\/hoteltorresmanlleu.com\/producto\/pack-escapada-en-familia\/#breadcrumb"},"inLanguage":"fr-FR","potentialAction":[{"@type":"ReadAction","target":["https:\/\/hoteltorresmanlleu.com\/producto\/pack-escapada-en-familia\/"]}]},{"@type":"BreadcrumbList","@id":"https:\/\/hoteltorresmanlleu.com\/producto\/pack-escapada-en-familia\/#breadcrumb","itemListElement":[{"@type":"ListItem","position":1,"name":"Portada","item":"https:\/\/hoteltorresmanlleu.com\/"},{"@type":"ListItem","position":2,"name":"Pack Escapada en familia"}]},{"@type":"WebSite","@id":"\/#website","url":"\/","name":"H\u00f4tel Torres Manlleu","description":"L&#039;H\u00f4tel Torres Manlleu est un h\u00f4tel situ\u00e9 dans le centre de la ville de Manlleu. H\u00f4tel avec restaurant situ\u00e9 \u00e0 c\u00f4t\u00e9 de la rivi\u00e8re Ter.","publisher":{"@id":"\/#organization"},"potentialAction":[{"@type":"SearchAction","target":{"@type":"EntryPoint","urlTemplate":"\/?s={search_term_string}"},"query-input":{"@type":"PropertyValueSpecification","valueRequired":true,"valueName":"search_term_string"}}],"inLanguage":"fr-FR"},{"@type":"Organization","@id":"\/#organization","name":"H\u00f4tel Torres Manlleu","url":"\/","logo":{"@type":"ImageObject","inLanguage":"fr-FR","@id":"\/#\/schema\/logo\/image\/","url":"","contentUrl":"","caption":"Hotel Torres Manlleu"},"image":{"@id":"\/#\/schema\/logo\/image\/"}}]}},"_links":{"self":[{"href":"https:\/\/hoteltorresmanlleu.com\/fr\/wp-json\/wp\/v2\/product\/2197","targetHints":{"allow":["GET"]}}],"collection":[{"href":"https:\/\/hoteltorresmanlleu.com\/fr\/wp-json\/wp\/v2\/product"}],"about":[{"href":"https:\/\/hoteltorresmanlleu.com\/fr\/wp-json\/wp\/v2\/types\/product"}],"replies":[{"embeddable":true,"href":"https:\/\/hoteltorresmanlleu.com\/fr\/wp-json\/wp\/v2\/comments?post=2197"}],"wp:attachment":[{"href":"https:\/\/hoteltorresmanlleu.com\/fr\/wp-json\/wp\/v2\/media?parent=2197"}],"wp:term":[{"taxonomy":"product_brand","embeddable":true,"href":"https:\/\/hoteltorresmanlleu.com\/fr\/wp-json\/wp\/v2\/product_brand?post=2197"},{"taxonomy":"product_cat","embeddable":true,"href":"https:\/\/hoteltorresmanlleu.com\/fr\/wp-json\/wp\/v2\/product_cat?post=2197"},{"taxonomy":"product_tag","embeddable":true,"href":"https:\/\/hoteltorresmanlleu.com\/fr\/wp-json\/wp\/v2\/product_tag?post=2197"}],"curies":[{"name":"wp","href":"https:\/\/api.w.org\/{rel}","templated":true}]}}