{"id":3,"date":"2022-06-04T14:51:19","date_gmt":"2022-06-04T14:51:19","guid":{"rendered":"https:\/\/hoteltorresmanlleu.com?page_id=3"},"modified":"2023-09-26T22:53:55","modified_gmt":"2023-09-26T22:53:55","slug":"aviso-legal","status":"publish","type":"page","link":"https:\/\/hoteltorresmanlleu.com\/fr\/aviso-legal\/","title":{"rendered":"Avis juridique"},"content":{"rendered":"<h3 class=\"wp-block-heading\"><strong>Identification<\/strong><\/h3>\n\n\n\n<p>Cet avis l\u00e9gal a \u00e9t\u00e9 cr\u00e9\u00e9 par TOTAL ELITE TRADE SL, (le propri\u00e9taire) avec CIF B67021550, adresse Passeig de Sant Joan, 4008560 Manlleu, Barcelone et e-mail hoteltorres@torrespetit.com.<\/p>\n\n\n\n<h3 class=\"wp-block-heading\"><strong>Propri\u00e9t\u00e9 intellectuelle<\/strong><\/h3>\n\n\n\n<p>Le Propri\u00e9taire est le propri\u00e9taire exclusif de tout le contenu du site hotelcimscamprodon.com : textes, graphismes, images, logos, fichiers logiciels, couleurs, structure, s\u00e9lection, ordonnancement et pr\u00e9sentation du contenu, le programme informatique pour sa cr\u00e9ation et son fonctionnement ; et la reproduction totale et \/ ou partielle, la communication publique et le stockage de cette page et de tout autre mat\u00e9riel et \/ ou \u00e9l\u00e9ment qui l&#039;int\u00e8gre prot\u00e9g\u00e9 par la loi sur la propri\u00e9t\u00e9 intellectuelle est totalement interdite, sans l&#039;obtention du consentement pr\u00e9alable du propri\u00e9taire.  <\/p>\n\n\n\n<h3 class=\"wp-block-heading\"><strong>Conditions g\u00e9n\u00e9rales d'utilisation<\/strong><\/h3>\n\n\n\n<p>L'utilisateur du site web (ci-apr\u00e8s l'utilisateur) accepte pleinement et sans r\u00e9serve les dispositions incluses dans le pr\u00e9sent avis juridique, dans la version publi\u00e9e par le Propri\u00e9taire au moment o\u00f9 l'utilisateur acc\u00e8de au site web.<\/p>\n\n\n\n<p>Le site web peut \u00eatre visit\u00e9 librement et l'utilisateur s'engage \u00e0 utiliser ses contenus et services conform\u00e9ment \u00e0 la loi et au pr\u00e9sent avis juridique. \u00c0 cette fin, l'utilisateur s'abstiendra d'utiliser le site web \u00e0 des fins ou des effets illicites, interdits et pr\u00e9judiciables aux droits et aux int\u00e9r\u00eats des tiers.<\/p>\n\n\n\n<p>Vous ne devez pas faire un usage abusif du service du site web en l'utilisant pour envoyer des spams, abuser, harceler ou violer de toute autre mani\u00e8re les conditions d'utilisation ou la politique de confidentialit\u00e9.<\/p>\n\n\n\n<p>Le Propri\u00e9taire n'est pas responsable des opinions ou des commentaires des utilisateurs, des erreurs ou des omissions, du contenu du site Web ou d'autres contenus auxquels il est possible d'acc\u00e9der par ce biais, ni des dommages d\u00e9coulant de l'utilisation du site Web, ni de toute action entreprise sur la base des informations fournies sur le site Web.<\/p>\n\n\n\n<p>Le Titulaire ne garantit pas l'absence de virus ou d'autres \u00e9l\u00e9ments nuisibles pouvant causer des dommages ou des alt\u00e9rations au syst\u00e8me informatique, aux documents \u00e9lectroniques ou aux fichiers de l'utilisateur du site Web ; il n'est pas non plus responsable des dommages que ces \u00e9l\u00e9ments peuvent causer \u00e0 l'utilisateur ou \u00e0 des tiers.<\/p>\n\n\n\n<p>Le contenu du site web peut \u00eatre modifi\u00e9, \u00e9tendu ou supprim\u00e9 \u00e0 tout moment, sans pr\u00e9avis.<\/p>\n\n\n\n<p>Le propri\u00e9taire se r\u00e9serve le droit de mettre \u00e0 jour le contenu du site web et de le supprimer, ainsi que d'en limiter et d'en emp\u00eacher l'acc\u00e8s, de mani\u00e8re temporaire ou permanente, sans avis pr\u00e9alable.<\/p>\n\n\n\n<h3 class=\"wp-block-heading\"><strong>S\u00e9curit\u00e9<\/strong><\/h3>\n\n\n\n<p>Les informations personnelles fournies seront prot\u00e9g\u00e9es par les normes et la technologie du secteur. L'Internet n'\u00e9tant pas un environnement totalement s\u00e9curis\u00e9, la s\u00e9curit\u00e9 de toute information transmise au site ne peut \u00eatre garantie.<\/p>\n\n\n\n<p>Vous \u00eates responsable du maintien de la confidentialit\u00e9 de votre mot de passe unique et des informations relatives \u00e0 votre compte et du contr\u00f4le de l'acc\u00e8s \u00e0 vos communications \u00e9lectroniques \u00e0 tout moment.<\/p>\n\n\n\n<h3 class=\"wp-block-heading\"><strong>Protection des donn\u00e9es \u00e0 caract\u00e8re personnel<\/strong><\/h3>\n\n\n\n<p>Conform\u00e9ment aux dispositions du R\u00e8glement europ\u00e9en sur la protection des donn\u00e9es (R\u00e8glement UE 2016\/679), nous vous informons que les donn\u00e9es personnelles fournies via ce site Web seront trait\u00e9es par TOTAL ELITE TRADE SL, sur la base de votre consentement et pour effectuer la gestion demand\u00e9e. , r\u00e9pondez \u00e0 votre demande et envoyez les informations qui vous int\u00e9ressent.<\/p>\n\n\n\n<p>Les donn\u00e9es personnelles seront conserv\u00e9es pendant la p\u00e9riode \u00e9tablie par la l\u00e9gislation en vigueur ou lorsque leur suppression est demand\u00e9e. Elles ne seront pas transf\u00e9r\u00e9es \u00e0 des tiers, sauf dans les cas pr\u00e9vus par la loi. Il n'y a pas de transfert international de donn\u00e9es.<\/p>\n\n\n\n<p>Vous pouvez exercer vos droits d&#039;acc\u00e8s, de rectification, d&#039;annulation, de limitation, de portabilit\u00e9 et d&#039;opposition en \u00e9crivant \u00e0 TOTAL ELITE TRADE SL, dont l&#039;adresse est Passeig de Sant Joan, 4008560 Manlleu, Barcelone ou par e-mail \u00e0 hoteltorres@torrespetit.com. Vous pouvez \u00e9galement exercer la protection de vos droits aupr\u00e8s de l&#039;Agence espagnole de protection des donn\u00e9es.<\/p>\n\n\n\n<h3 class=\"wp-block-heading\"><strong>Droit applicable et juridiction<\/strong><\/h3>\n\n\n\n<p>Les pr\u00e9sentes Conditions G\u00e9n\u00e9rales sont r\u00e9gies par la l\u00e9gislation espagnole. Pour la r\u00e9solution de tout conflit d\u00e9coulant du pr\u00e9sent avis juridique, les parties conviennent de se soumettre, librement et renon\u00e7ant \u00e0 toute autre juridiction ou juridiction \u00e0 laquelle elles pourraient avoir droit, aux cours et tribunaux de la ville de Barcelone.<\/p>\n\n\n\n<figure class=\"wp-block-image size-large\"><img fetchpriority=\"high\" decoding=\"async\" width=\"1024\" height=\"81\" src=\"https:\/\/hoteltorresmanlleu.com\/wp-content\/uploads\/2023\/09\/logos-mitma-prtr-nextgeneration3-1024x81.png\" alt=\"\" class=\"wp-image-3257\" srcset=\"https:\/\/hoteltorresmanlleu.com\/wp-content\/uploads\/2023\/09\/logos-mitma-prtr-nextgeneration3-1024x81.png 1024w, https:\/\/hoteltorresmanlleu.com\/wp-content\/uploads\/2023\/09\/logos-mitma-prtr-nextgeneration3-300x24.png 300w, https:\/\/hoteltorresmanlleu.com\/wp-content\/uploads\/2023\/09\/logos-mitma-prtr-nextgeneration3-768x61.png 768w, https:\/\/hoteltorresmanlleu.com\/wp-content\/uploads\/2023\/09\/logos-mitma-prtr-nextgeneration3-1536x122.png 1536w, https:\/\/hoteltorresmanlleu.com\/wp-content\/uploads\/2023\/09\/logos-mitma-prtr-nextgeneration3-18x1.png 18w, https:\/\/hoteltorresmanlleu.com\/wp-content\/uploads\/2023\/09\/logos-mitma-prtr-nextgeneration3-600x48.png 600w, https:\/\/hoteltorresmanlleu.com\/wp-content\/uploads\/2023\/09\/logos-mitma-prtr-nextgeneration3.png 1649w\" sizes=\"(max-width: 1024px) 100vw, 1024px\" \/><\/figure>","protected":false},"excerpt":{"rendered":"<p>Identificaci\u00f3n Este Aviso Legal ha sido creado por TOTAL ELITE TRADE S.L, (el titular) con CIF B67021550, domicilio en Passeig de Sant Joan, 4008560 Manlleu, Barcelona y e-mail hoteltorres@torrespetit.com. Propiedad Intelectual El Titular es propietario &nbsp;en exclusiva de todos los contenidos del sitio Web&nbsp;hotelcimscamprodon.com: textos, gr\u00e1ficos, im\u00e1genes, logotipos, archivos de sotfware, colores, estructura, selecci\u00f3n, ordenaci\u00f3n [&hellip;]<\/p>\n","protected":false},"author":2,"featured_media":0,"parent":0,"menu_order":0,"comment_status":"closed","ping_status":"closed","template":"","meta":{"site-sidebar-layout":"default","site-content-layout":"","ast-site-content-layout":"","site-content-style":"default","site-sidebar-style":"default","ast-global-header-display":"","ast-banner-title-visibility":"","ast-main-header-display":"","ast-hfb-above-header-display":"","ast-hfb-below-header-display":"","ast-hfb-mobile-header-display":"","site-post-title":"","ast-breadcrumbs-content":"","ast-featured-img":"","footer-sml-layout":"","theme-transparent-header-meta":"","adv-header-id-meta":"","stick-header-meta":"","header-above-stick-meta":"","header-main-stick-meta":"","header-below-stick-meta":"","astra-migrate-meta-layouts":"default","ast-page-background-enabled":"default","ast-page-background-meta":{"desktop":{"background-color":"","background-image":"","background-repeat":"repeat","background-position":"center center","background-size":"auto","background-attachment":"scroll","background-type":"","background-media":"","overlay-type":"","overlay-color":"","overlay-gradient":""},"tablet":{"background-color":"","background-image":"","background-repeat":"repeat","background-position":"center center","background-size":"auto","background-attachment":"scroll","background-type":"","background-media":"","overlay-type":"","overlay-color":"","overlay-gradient":""},"mobile":{"background-color":"","background-image":"","background-repeat":"repeat","background-position":"center center","background-size":"auto","background-attachment":"scroll","background-type":"","background-media":"","overlay-type":"","overlay-color":"","overlay-gradient":""}},"ast-content-background-meta":{"desktop":{"background-color":"var(--ast-global-color-5)","background-image":"","background-repeat":"repeat","background-position":"center center","background-size":"auto","background-attachment":"scroll","background-type":"","background-media":"","overlay-type":"","overlay-color":"","overlay-gradient":""},"tablet":{"background-color":"var(--ast-global-color-5)","background-image":"","background-repeat":"repeat","background-position":"center center","background-size":"auto","background-attachment":"scroll","background-type":"","background-media":"","overlay-type":"","overlay-color":"","overlay-gradient":""},"mobile":{"background-color":"var(--ast-global-color-5)","background-image":"","background-repeat":"repeat","background-position":"center center","background-size":"auto","background-attachment":"scroll","background-type":"","background-media":"","overlay-type":"","overlay-color":"","overlay-gradient":""}},"footnotes":""},"class_list":["post-3","page","type-page","status-publish","hentry"],"yoast_head":"<!-- This site is optimized with the Yoast SEO plugin v27.1.1 - https:\/\/yoast.com\/product\/yoast-seo-wordpress\/ -->\n<title>Aviso Legal - Hotel Torres Manlleu<\/title>\n<meta name=\"robots\" content=\"index, follow, max-snippet:-1, max-image-preview:large, max-video-preview:-1\" \/>\n<link rel=\"canonical\" href=\"https:\/\/hoteltorresmanlleu.com\/fr\/aviso-legal\/\" \/>\n<meta property=\"og:locale\" content=\"fr_FR\" \/>\n<meta property=\"og:type\" content=\"article\" \/>\n<meta property=\"og:title\" content=\"Aviso Legal - Hotel Torres Manlleu\" \/>\n<meta property=\"og:description\" content=\"Identificaci\u00f3n Este Aviso Legal ha sido creado por TOTAL ELITE TRADE S.L, (el titular) con CIF B67021550, domicilio en Passeig de Sant Joan, 4008560 Manlleu, Barcelona y e-mail hoteltorres@torrespetit.com. Propiedad Intelectual El Titular es propietario &nbsp;en exclusiva de todos los contenidos del sitio Web&nbsp;hotelcimscamprodon.com: textos, gr\u00e1ficos, im\u00e1genes, logotipos, archivos de sotfware, colores, estructura, selecci\u00f3n, ordenaci\u00f3n [&hellip;]\" \/>\n<meta property=\"og:url\" content=\"https:\/\/hoteltorresmanlleu.com\/fr\/aviso-legal\/\" \/>\n<meta property=\"og:site_name\" content=\"Hotel Torres Manlleu\" \/>\n<meta property=\"article:modified_time\" content=\"2023-09-26T22:53:55+00:00\" \/>\n<meta property=\"og:image\" content=\"https:\/\/hoteltorresmanlleu.com\/wp-content\/uploads\/2023\/09\/logos-mitma-prtr-nextgeneration3-1024x81.png\" \/>\n<meta name=\"twitter:card\" content=\"summary_large_image\" \/>\n<meta name=\"twitter:label1\" content=\"Dur\u00e9e de lecture estim\u00e9e\" \/>\n\t<meta name=\"twitter:data1\" content=\"4 minutes\" \/>\n<script type=\"application\/ld+json\" class=\"yoast-schema-graph\">{\"@context\":\"https:\/\/schema.org\",\"@graph\":[{\"@type\":\"WebPage\",\"@id\":\"https:\/\/hoteltorresmanlleu.com\/aviso-legal\/\",\"url\":\"https:\/\/hoteltorresmanlleu.com\/aviso-legal\/\",\"name\":\"Aviso Legal - Hotel Torres Manlleu\",\"isPartOf\":{\"@id\":\"\/#website\"},\"primaryImageOfPage\":{\"@id\":\"https:\/\/hoteltorresmanlleu.com\/aviso-legal\/#primaryimage\"},\"image\":{\"@id\":\"https:\/\/hoteltorresmanlleu.com\/aviso-legal\/#primaryimage\"},\"thumbnailUrl\":\"https:\/\/hoteltorresmanlleu.com\/wp-content\/uploads\/2023\/09\/logos-mitma-prtr-nextgeneration3-1024x81.png\",\"datePublished\":\"2022-06-04T14:51:19+00:00\",\"dateModified\":\"2023-09-26T22:53:55+00:00\",\"breadcrumb\":{\"@id\":\"https:\/\/hoteltorresmanlleu.com\/aviso-legal\/#breadcrumb\"},\"inLanguage\":\"fr-FR\",\"potentialAction\":[{\"@type\":\"ReadAction\",\"target\":[\"https:\/\/hoteltorresmanlleu.com\/aviso-legal\/\"]}]},{\"@type\":\"ImageObject\",\"inLanguage\":\"fr-FR\",\"@id\":\"https:\/\/hoteltorresmanlleu.com\/aviso-legal\/#primaryimage\",\"url\":\"https:\/\/hoteltorresmanlleu.com\/wp-content\/uploads\/2023\/09\/logos-mitma-prtr-nextgeneration3-1024x81.png\",\"contentUrl\":\"https:\/\/hoteltorresmanlleu.com\/wp-content\/uploads\/2023\/09\/logos-mitma-prtr-nextgeneration3-1024x81.png\"},{\"@type\":\"BreadcrumbList\",\"@id\":\"https:\/\/hoteltorresmanlleu.com\/aviso-legal\/#breadcrumb\",\"itemListElement\":[{\"@type\":\"ListItem\",\"position\":1,\"name\":\"Portada\",\"item\":\"https:\/\/hoteltorresmanlleu.com\/\"},{\"@type\":\"ListItem\",\"position\":2,\"name\":\"Aviso Legal\"}]},{\"@type\":\"WebSite\",\"@id\":\"\/#website\",\"url\":\"\/\",\"name\":\"Hotel Torres Manlleu\",\"description\":\"El Hotel Torres Manlleu es un hotel ubicado en el centro de la ciudad de Manlleu. Hotel con restaurante situado al lado del R\u00edo Ter.\",\"publisher\":{\"@id\":\"\/#organization\"},\"potentialAction\":[{\"@type\":\"SearchAction\",\"target\":{\"@type\":\"EntryPoint\",\"urlTemplate\":\"\/?s={search_term_string}\"},\"query-input\":{\"@type\":\"PropertyValueSpecification\",\"valueRequired\":true,\"valueName\":\"search_term_string\"}}],\"inLanguage\":\"fr-FR\"},{\"@type\":\"Organization\",\"@id\":\"\/#organization\",\"name\":\"Hotel Torres Manlleu\",\"url\":\"\/\",\"logo\":{\"@type\":\"ImageObject\",\"inLanguage\":\"fr-FR\",\"@id\":\"\/#\/schema\/logo\/image\/\",\"url\":\"\",\"contentUrl\":\"\",\"caption\":\"Hotel Torres Manlleu\"},\"image\":{\"@id\":\"\/#\/schema\/logo\/image\/\"}}]}<\/script>\n<!-- \/ Yoast SEO plugin. -->","yoast_head_json":{"title":"Mentions L\u00e9gales - H\u00f4tel Torres Manlleu","robots":{"index":"index","follow":"follow","max-snippet":"max-snippet:-1","max-image-preview":"max-image-preview:large","max-video-preview":"max-video-preview:-1"},"canonical":"https:\/\/hoteltorresmanlleu.com\/fr\/aviso-legal\/","og_locale":"fr_FR","og_type":"article","og_title":"Aviso Legal - Hotel Torres Manlleu","og_description":"Identificaci\u00f3n Este Aviso Legal ha sido creado por TOTAL ELITE TRADE S.L, (el titular) con CIF B67021550, domicilio en Passeig de Sant Joan, 4008560 Manlleu, Barcelona y e-mail hoteltorres@torrespetit.com. Propiedad Intelectual El Titular es propietario &nbsp;en exclusiva de todos los contenidos del sitio Web&nbsp;hotelcimscamprodon.com: textos, gr\u00e1ficos, im\u00e1genes, logotipos, archivos de sotfware, colores, estructura, selecci\u00f3n, ordenaci\u00f3n [&hellip;]","og_url":"https:\/\/hoteltorresmanlleu.com\/fr\/aviso-legal\/","og_site_name":"Hotel Torres Manlleu","article_modified_time":"2023-09-26T22:53:55+00:00","og_image":[{"url":"https:\/\/hoteltorresmanlleu.com\/wp-content\/uploads\/2023\/09\/logos-mitma-prtr-nextgeneration3-1024x81.png","type":"","width":"","height":""}],"twitter_card":"summary_large_image","twitter_misc":{"Dur\u00e9e de lecture estim\u00e9e":"4 minutes"},"schema":{"@context":"https:\/\/schema.org","@graph":[{"@type":"WebPage","@id":"https:\/\/hoteltorresmanlleu.com\/aviso-legal\/","url":"https:\/\/hoteltorresmanlleu.com\/aviso-legal\/","name":"Mentions L\u00e9gales - H\u00f4tel Torres Manlleu","isPartOf":{"@id":"\/#website"},"primaryImageOfPage":{"@id":"https:\/\/hoteltorresmanlleu.com\/aviso-legal\/#primaryimage"},"image":{"@id":"https:\/\/hoteltorresmanlleu.com\/aviso-legal\/#primaryimage"},"thumbnailUrl":"https:\/\/hoteltorresmanlleu.com\/wp-content\/uploads\/2023\/09\/logos-mitma-prtr-nextgeneration3-1024x81.png","datePublished":"2022-06-04T14:51:19+00:00","dateModified":"2023-09-26T22:53:55+00:00","breadcrumb":{"@id":"https:\/\/hoteltorresmanlleu.com\/aviso-legal\/#breadcrumb"},"inLanguage":"fr-FR","potentialAction":[{"@type":"ReadAction","target":["https:\/\/hoteltorresmanlleu.com\/aviso-legal\/"]}]},{"@type":"ImageObject","inLanguage":"fr-FR","@id":"https:\/\/hoteltorresmanlleu.com\/aviso-legal\/#primaryimage","url":"https:\/\/hoteltorresmanlleu.com\/wp-content\/uploads\/2023\/09\/logos-mitma-prtr-nextgeneration3-1024x81.png","contentUrl":"https:\/\/hoteltorresmanlleu.com\/wp-content\/uploads\/2023\/09\/logos-mitma-prtr-nextgeneration3-1024x81.png"},{"@type":"BreadcrumbList","@id":"https:\/\/hoteltorresmanlleu.com\/aviso-legal\/#breadcrumb","itemListElement":[{"@type":"ListItem","position":1,"name":"Portada","item":"https:\/\/hoteltorresmanlleu.com\/"},{"@type":"ListItem","position":2,"name":"Aviso Legal"}]},{"@type":"WebSite","@id":"\/#website","url":"\/","name":"H\u00f4tel Torres Manlleu","description":"L&#039;H\u00f4tel Torres Manlleu est un h\u00f4tel situ\u00e9 dans le centre de la ville de Manlleu. H\u00f4tel avec restaurant situ\u00e9 \u00e0 c\u00f4t\u00e9 de la rivi\u00e8re Ter.","publisher":{"@id":"\/#organization"},"potentialAction":[{"@type":"SearchAction","target":{"@type":"EntryPoint","urlTemplate":"\/?s={search_term_string}"},"query-input":{"@type":"PropertyValueSpecification","valueRequired":true,"valueName":"search_term_string"}}],"inLanguage":"fr-FR"},{"@type":"Organization","@id":"\/#organization","name":"H\u00f4tel Torres Manlleu","url":"\/","logo":{"@type":"ImageObject","inLanguage":"fr-FR","@id":"\/#\/schema\/logo\/image\/","url":"","contentUrl":"","caption":"Hotel Torres Manlleu"},"image":{"@id":"\/#\/schema\/logo\/image\/"}}]}},"_links":{"self":[{"href":"https:\/\/hoteltorresmanlleu.com\/fr\/wp-json\/wp\/v2\/pages\/3","targetHints":{"allow":["GET"]}}],"collection":[{"href":"https:\/\/hoteltorresmanlleu.com\/fr\/wp-json\/wp\/v2\/pages"}],"about":[{"href":"https:\/\/hoteltorresmanlleu.com\/fr\/wp-json\/wp\/v2\/types\/page"}],"author":[{"embeddable":true,"href":"https:\/\/hoteltorresmanlleu.com\/fr\/wp-json\/wp\/v2\/users\/2"}],"replies":[{"embeddable":true,"href":"https:\/\/hoteltorresmanlleu.com\/fr\/wp-json\/wp\/v2\/comments?post=3"}],"version-history":[{"count":8,"href":"https:\/\/hoteltorresmanlleu.com\/fr\/wp-json\/wp\/v2\/pages\/3\/revisions"}],"predecessor-version":[{"id":3258,"href":"https:\/\/hoteltorresmanlleu.com\/fr\/wp-json\/wp\/v2\/pages\/3\/revisions\/3258"}],"wp:attachment":[{"href":"https:\/\/hoteltorresmanlleu.com\/fr\/wp-json\/wp\/v2\/media?parent=3"}],"curies":[{"name":"wp","href":"https:\/\/api.w.org\/{rel}","templated":true}]}}