{"id":3,"date":"2022-06-04T14:51:19","date_gmt":"2022-06-04T14:51:19","guid":{"rendered":"https:\/\/hoteltorresmanlleu.com?page_id=3"},"modified":"2023-09-26T22:53:55","modified_gmt":"2023-09-26T22:53:55","slug":"aviso-legal","status":"publish","type":"page","link":"https:\/\/hoteltorresmanlleu.com\/en\/aviso-legal\/","title":{"rendered":"Legal Notice"},"content":{"rendered":"<h3 class=\"wp-block-heading\"><strong>Identification<\/strong><\/h3>\n\n\n\n<p>This Legal Notice has been created by TOTAL ELITE TRADE SL, (the owner) with CIF B67021550, address at Passeig de Sant Joan, 4008560 Manlleu, Barcelona and e-mail hoteltorres@torrespetit.com.<\/p>\n\n\n\n<h3 class=\"wp-block-heading\"><strong>Intellectual Property<\/strong><\/h3>\n\n\n\n<p>The Owner is the exclusive owner of all the contents of the hotelcimscamprodon.com website: texts, graphics, images, logos, software files, colors, structure, selection, ordering and presentation of content, the computer program for its creation and its operation; and the total and \/ or partial reproduction, public communication and storage of this page and any other material and \/ or element that integrates it protected by the Intellectual Property Law is totally prohibited, without obtaining the prior consent of the owner.  <\/p>\n\n\n\n<h3 class=\"wp-block-heading\"><strong>General terms and conditions of use<\/strong><\/h3>\n\n\n\n<p>The user of the website (hereinafter the user) fully and unreservedly accepts the provisions included in this Legal Notice, in the version published by the Owner at the time the user accesses the website.<\/p>\n\n\n\n<p>The website may be visited freely and the user undertakes to use its contents and services in accordance with the Law and this Legal Notice. To this end, the user will refrain from using the website for illicit purposes or effects, prohibited and detrimental to the rights and interests of third parties.<\/p>\n\n\n\n<p>You may not misuse the website service by using it to spam, abuse, harass or otherwise violate the Terms of Use or Privacy Policy.<\/p>\n\n\n\n<p>The Owner is not responsible for the opinions or comments of users, errors or omissions, the contents of the Web or other content, which can be accessed through the same, nor for any damages arising from the use of the Web, nor for any action taken on the basis of the information provided on the Web.<\/p>\n\n\n\n<p>The Holder does not guarantee the absence of viruses or other harmful elements that may cause damage or alterations to the computer system, electronic documents or files of the user of the Website; nor is it responsible for any damages that such elements may cause to the user or third parties.<\/p>\n\n\n\n<p>The content of the website may be modified, extended or deleted at any time, without prior notice.<\/p>\n\n\n\n<p>The Owner reserves the right to update the contents of the website and to remove them, as well as to limit and prevent access to them, either temporarily or permanently, without prior notice.<\/p>\n\n\n\n<h3 class=\"wp-block-heading\"><strong>Security<\/strong><\/h3>\n\n\n\n<p>The personal information provided will be protected by industry standards and technology. As the Internet is not a completely secure environment, the security of any information transmitted to the site cannot be guaranteed.<\/p>\n\n\n\n<p>You are responsible for maintaining the confidentiality of your unique password and account information and for controlling access to your electronic communications at all times.<\/p>\n\n\n\n<h3 class=\"wp-block-heading\"><strong>Protection of personal data<\/strong><\/h3>\n\n\n\n<p>In accordance with the provisions of the European Data Protection Regulation (EU Regulation 2016\/679), we inform you that the personal data provided through this website will be processed by TOTAL ELITE TRADE SL, based on your consent and for carry out the requested management, respond to your request and send information of interest to you.<\/p>\n\n\n\n<p>Personal data will be kept for the period of time established by current legislation or when deletion is requested. They will not be transferred to third parties except in the cases provided for by law. There is no international transfer of data.<\/p>\n\n\n\n<p>You can exercise your rights of access, rectification, cancellation, limitation, portability and opposition by writing to TOTAL ELITE TRADE SL, with address at Passeig de Sant Joan, 4008560 Manlleu, Barcelona or by e-mail to hoteltorres@torrespetit.com. You can also exercise the protection of your rights before the Spanish Data Protection Agency.<\/p>\n\n\n\n<h3 class=\"wp-block-heading\"><strong>Applicable law and jurisdiction<\/strong><\/h3>\n\n\n\n<p>These General Conditions are governed by Spanish legislation. For the resolution of any conflicts arising from this Legal Notice, the parties agree to submit, freely and waiving any other jurisdiction or jurisdiction to which they may be entitled, to the courts and tribunals of the city of Barcelona.<\/p>\n\n\n\n<figure class=\"wp-block-image size-large\"><img fetchpriority=\"high\" decoding=\"async\" width=\"1024\" height=\"81\" src=\"https:\/\/hoteltorresmanlleu.com\/wp-content\/uploads\/2023\/09\/logos-mitma-prtr-nextgeneration3-1024x81.png\" alt=\"\" class=\"wp-image-3257\" srcset=\"https:\/\/hoteltorresmanlleu.com\/wp-content\/uploads\/2023\/09\/logos-mitma-prtr-nextgeneration3-1024x81.png 1024w, https:\/\/hoteltorresmanlleu.com\/wp-content\/uploads\/2023\/09\/logos-mitma-prtr-nextgeneration3-300x24.png 300w, https:\/\/hoteltorresmanlleu.com\/wp-content\/uploads\/2023\/09\/logos-mitma-prtr-nextgeneration3-768x61.png 768w, https:\/\/hoteltorresmanlleu.com\/wp-content\/uploads\/2023\/09\/logos-mitma-prtr-nextgeneration3-1536x122.png 1536w, https:\/\/hoteltorresmanlleu.com\/wp-content\/uploads\/2023\/09\/logos-mitma-prtr-nextgeneration3-18x1.png 18w, https:\/\/hoteltorresmanlleu.com\/wp-content\/uploads\/2023\/09\/logos-mitma-prtr-nextgeneration3-600x48.png 600w, https:\/\/hoteltorresmanlleu.com\/wp-content\/uploads\/2023\/09\/logos-mitma-prtr-nextgeneration3.png 1649w\" sizes=\"(max-width: 1024px) 100vw, 1024px\" \/><\/figure>","protected":false},"excerpt":{"rendered":"<p>Identificaci\u00f3n Este Aviso Legal ha sido creado por TOTAL ELITE TRADE S.L, (el titular) con CIF B67021550, domicilio en Passeig de Sant Joan, 4008560 Manlleu, Barcelona y e-mail hoteltorres@torrespetit.com. Propiedad Intelectual El Titular es propietario &nbsp;en exclusiva de todos los contenidos del sitio Web&nbsp;hotelcimscamprodon.com: textos, gr\u00e1ficos, im\u00e1genes, logotipos, archivos de sotfware, colores, estructura, selecci\u00f3n, ordenaci\u00f3n [&hellip;]<\/p>\n","protected":false},"author":2,"featured_media":0,"parent":0,"menu_order":0,"comment_status":"closed","ping_status":"closed","template":"","meta":{"site-sidebar-layout":"default","site-content-layout":"","ast-site-content-layout":"","site-content-style":"default","site-sidebar-style":"default","ast-global-header-display":"","ast-banner-title-visibility":"","ast-main-header-display":"","ast-hfb-above-header-display":"","ast-hfb-below-header-display":"","ast-hfb-mobile-header-display":"","site-post-title":"","ast-breadcrumbs-content":"","ast-featured-img":"","footer-sml-layout":"","theme-transparent-header-meta":"","adv-header-id-meta":"","stick-header-meta":"","header-above-stick-meta":"","header-main-stick-meta":"","header-below-stick-meta":"","astra-migrate-meta-layouts":"default","ast-page-background-enabled":"default","ast-page-background-meta":{"desktop":{"background-color":"","background-image":"","background-repeat":"repeat","background-position":"center center","background-size":"auto","background-attachment":"scroll","background-type":"","background-media":"","overlay-type":"","overlay-color":"","overlay-gradient":""},"tablet":{"background-color":"","background-image":"","background-repeat":"repeat","background-position":"center center","background-size":"auto","background-attachment":"scroll","background-type":"","background-media":"","overlay-type":"","overlay-color":"","overlay-gradient":""},"mobile":{"background-color":"","background-image":"","background-repeat":"repeat","background-position":"center center","background-size":"auto","background-attachment":"scroll","background-type":"","background-media":"","overlay-type":"","overlay-color":"","overlay-gradient":""}},"ast-content-background-meta":{"desktop":{"background-color":"var(--ast-global-color-5)","background-image":"","background-repeat":"repeat","background-position":"center center","background-size":"auto","background-attachment":"scroll","background-type":"","background-media":"","overlay-type":"","overlay-color":"","overlay-gradient":""},"tablet":{"background-color":"var(--ast-global-color-5)","background-image":"","background-repeat":"repeat","background-position":"center center","background-size":"auto","background-attachment":"scroll","background-type":"","background-media":"","overlay-type":"","overlay-color":"","overlay-gradient":""},"mobile":{"background-color":"var(--ast-global-color-5)","background-image":"","background-repeat":"repeat","background-position":"center center","background-size":"auto","background-attachment":"scroll","background-type":"","background-media":"","overlay-type":"","overlay-color":"","overlay-gradient":""}},"footnotes":""},"class_list":["post-3","page","type-page","status-publish","hentry"],"yoast_head":"<!-- This site is optimized with the Yoast SEO plugin v27.1.1 - https:\/\/yoast.com\/product\/yoast-seo-wordpress\/ -->\n<title>Aviso Legal - Hotel Torres Manlleu<\/title>\n<meta name=\"robots\" content=\"index, follow, max-snippet:-1, max-image-preview:large, max-video-preview:-1\" \/>\n<link rel=\"canonical\" href=\"https:\/\/hoteltorresmanlleu.com\/en\/aviso-legal\/\" \/>\n<meta property=\"og:locale\" content=\"en_GB\" \/>\n<meta property=\"og:type\" content=\"article\" \/>\n<meta property=\"og:title\" content=\"Aviso Legal - Hotel Torres Manlleu\" \/>\n<meta property=\"og:description\" content=\"Identificaci\u00f3n Este Aviso Legal ha sido creado por TOTAL ELITE TRADE S.L, (el titular) con CIF B67021550, domicilio en Passeig de Sant Joan, 4008560 Manlleu, Barcelona y e-mail hoteltorres@torrespetit.com. Propiedad Intelectual El Titular es propietario &nbsp;en exclusiva de todos los contenidos del sitio Web&nbsp;hotelcimscamprodon.com: textos, gr\u00e1ficos, im\u00e1genes, logotipos, archivos de sotfware, colores, estructura, selecci\u00f3n, ordenaci\u00f3n [&hellip;]\" \/>\n<meta property=\"og:url\" content=\"https:\/\/hoteltorresmanlleu.com\/en\/aviso-legal\/\" \/>\n<meta property=\"og:site_name\" content=\"Hotel Torres Manlleu\" \/>\n<meta property=\"article:modified_time\" content=\"2023-09-26T22:53:55+00:00\" \/>\n<meta property=\"og:image\" content=\"https:\/\/hoteltorresmanlleu.com\/wp-content\/uploads\/2023\/09\/logos-mitma-prtr-nextgeneration3-1024x81.png\" \/>\n<meta name=\"twitter:card\" content=\"summary_large_image\" \/>\n<meta name=\"twitter:label1\" content=\"Estimated reading time\" \/>\n\t<meta name=\"twitter:data1\" content=\"4 minutes\" \/>\n<script type=\"application\/ld+json\" class=\"yoast-schema-graph\">{\"@context\":\"https:\/\/schema.org\",\"@graph\":[{\"@type\":\"WebPage\",\"@id\":\"https:\/\/hoteltorresmanlleu.com\/aviso-legal\/\",\"url\":\"https:\/\/hoteltorresmanlleu.com\/aviso-legal\/\",\"name\":\"Aviso Legal - Hotel Torres Manlleu\",\"isPartOf\":{\"@id\":\"\/#website\"},\"primaryImageOfPage\":{\"@id\":\"https:\/\/hoteltorresmanlleu.com\/aviso-legal\/#primaryimage\"},\"image\":{\"@id\":\"https:\/\/hoteltorresmanlleu.com\/aviso-legal\/#primaryimage\"},\"thumbnailUrl\":\"https:\/\/hoteltorresmanlleu.com\/wp-content\/uploads\/2023\/09\/logos-mitma-prtr-nextgeneration3-1024x81.png\",\"datePublished\":\"2022-06-04T14:51:19+00:00\",\"dateModified\":\"2023-09-26T22:53:55+00:00\",\"breadcrumb\":{\"@id\":\"https:\/\/hoteltorresmanlleu.com\/aviso-legal\/#breadcrumb\"},\"inLanguage\":\"en-GB\",\"potentialAction\":[{\"@type\":\"ReadAction\",\"target\":[\"https:\/\/hoteltorresmanlleu.com\/aviso-legal\/\"]}]},{\"@type\":\"ImageObject\",\"inLanguage\":\"en-GB\",\"@id\":\"https:\/\/hoteltorresmanlleu.com\/aviso-legal\/#primaryimage\",\"url\":\"https:\/\/hoteltorresmanlleu.com\/wp-content\/uploads\/2023\/09\/logos-mitma-prtr-nextgeneration3-1024x81.png\",\"contentUrl\":\"https:\/\/hoteltorresmanlleu.com\/wp-content\/uploads\/2023\/09\/logos-mitma-prtr-nextgeneration3-1024x81.png\"},{\"@type\":\"BreadcrumbList\",\"@id\":\"https:\/\/hoteltorresmanlleu.com\/aviso-legal\/#breadcrumb\",\"itemListElement\":[{\"@type\":\"ListItem\",\"position\":1,\"name\":\"Portada\",\"item\":\"https:\/\/hoteltorresmanlleu.com\/\"},{\"@type\":\"ListItem\",\"position\":2,\"name\":\"Aviso Legal\"}]},{\"@type\":\"WebSite\",\"@id\":\"\/#website\",\"url\":\"\/\",\"name\":\"Hotel Torres Manlleu\",\"description\":\"El Hotel Torres Manlleu es un hotel ubicado en el centro de la ciudad de Manlleu. Hotel con restaurante situado al lado del R\u00edo Ter.\",\"publisher\":{\"@id\":\"\/#organization\"},\"potentialAction\":[{\"@type\":\"SearchAction\",\"target\":{\"@type\":\"EntryPoint\",\"urlTemplate\":\"\/?s={search_term_string}\"},\"query-input\":{\"@type\":\"PropertyValueSpecification\",\"valueRequired\":true,\"valueName\":\"search_term_string\"}}],\"inLanguage\":\"en-GB\"},{\"@type\":\"Organization\",\"@id\":\"\/#organization\",\"name\":\"Hotel Torres Manlleu\",\"url\":\"\/\",\"logo\":{\"@type\":\"ImageObject\",\"inLanguage\":\"en-GB\",\"@id\":\"\/#\/schema\/logo\/image\/\",\"url\":\"\",\"contentUrl\":\"\",\"caption\":\"Hotel Torres Manlleu\"},\"image\":{\"@id\":\"\/#\/schema\/logo\/image\/\"}}]}<\/script>\n<!-- \/ Yoast SEO plugin. -->","yoast_head_json":{"title":"Legal Notice - Hotel Torres Manlleu","robots":{"index":"index","follow":"follow","max-snippet":"max-snippet:-1","max-image-preview":"max-image-preview:large","max-video-preview":"max-video-preview:-1"},"canonical":"https:\/\/hoteltorresmanlleu.com\/en\/aviso-legal\/","og_locale":"en_GB","og_type":"article","og_title":"Aviso Legal - Hotel Torres Manlleu","og_description":"Identificaci\u00f3n Este Aviso Legal ha sido creado por TOTAL ELITE TRADE S.L, (el titular) con CIF B67021550, domicilio en Passeig de Sant Joan, 4008560 Manlleu, Barcelona y e-mail hoteltorres@torrespetit.com. Propiedad Intelectual El Titular es propietario &nbsp;en exclusiva de todos los contenidos del sitio Web&nbsp;hotelcimscamprodon.com: textos, gr\u00e1ficos, im\u00e1genes, logotipos, archivos de sotfware, colores, estructura, selecci\u00f3n, ordenaci\u00f3n [&hellip;]","og_url":"https:\/\/hoteltorresmanlleu.com\/en\/aviso-legal\/","og_site_name":"Hotel Torres Manlleu","article_modified_time":"2023-09-26T22:53:55+00:00","og_image":[{"url":"https:\/\/hoteltorresmanlleu.com\/wp-content\/uploads\/2023\/09\/logos-mitma-prtr-nextgeneration3-1024x81.png","type":"","width":"","height":""}],"twitter_card":"summary_large_image","twitter_misc":{"Estimated reading time":"4 minutes"},"schema":{"@context":"https:\/\/schema.org","@graph":[{"@type":"WebPage","@id":"https:\/\/hoteltorresmanlleu.com\/aviso-legal\/","url":"https:\/\/hoteltorresmanlleu.com\/aviso-legal\/","name":"Legal Notice - Hotel Torres Manlleu","isPartOf":{"@id":"\/#website"},"primaryImageOfPage":{"@id":"https:\/\/hoteltorresmanlleu.com\/aviso-legal\/#primaryimage"},"image":{"@id":"https:\/\/hoteltorresmanlleu.com\/aviso-legal\/#primaryimage"},"thumbnailUrl":"https:\/\/hoteltorresmanlleu.com\/wp-content\/uploads\/2023\/09\/logos-mitma-prtr-nextgeneration3-1024x81.png","datePublished":"2022-06-04T14:51:19+00:00","dateModified":"2023-09-26T22:53:55+00:00","breadcrumb":{"@id":"https:\/\/hoteltorresmanlleu.com\/aviso-legal\/#breadcrumb"},"inLanguage":"en-GB","potentialAction":[{"@type":"ReadAction","target":["https:\/\/hoteltorresmanlleu.com\/aviso-legal\/"]}]},{"@type":"ImageObject","inLanguage":"en-GB","@id":"https:\/\/hoteltorresmanlleu.com\/aviso-legal\/#primaryimage","url":"https:\/\/hoteltorresmanlleu.com\/wp-content\/uploads\/2023\/09\/logos-mitma-prtr-nextgeneration3-1024x81.png","contentUrl":"https:\/\/hoteltorresmanlleu.com\/wp-content\/uploads\/2023\/09\/logos-mitma-prtr-nextgeneration3-1024x81.png"},{"@type":"BreadcrumbList","@id":"https:\/\/hoteltorresmanlleu.com\/aviso-legal\/#breadcrumb","itemListElement":[{"@type":"ListItem","position":1,"name":"Portada","item":"https:\/\/hoteltorresmanlleu.com\/"},{"@type":"ListItem","position":2,"name":"Aviso Legal"}]},{"@type":"WebSite","@id":"\/#website","url":"\/","name":"Hotel Torres Manlleu","description":"The Hotel Torres Manlleu is a hotel located in the center of the city of Manlleu. Hotel with restaurant located next to the Ter River.","publisher":{"@id":"\/#organization"},"potentialAction":[{"@type":"SearchAction","target":{"@type":"EntryPoint","urlTemplate":"\/?s={search_term_string}"},"query-input":{"@type":"PropertyValueSpecification","valueRequired":true,"valueName":"search_term_string"}}],"inLanguage":"en-GB"},{"@type":"Organization","@id":"\/#organization","name":"Hotel Torres Manlleu","url":"\/","logo":{"@type":"ImageObject","inLanguage":"en-GB","@id":"\/#\/schema\/logo\/image\/","url":"","contentUrl":"","caption":"Hotel Torres Manlleu"},"image":{"@id":"\/#\/schema\/logo\/image\/"}}]}},"_links":{"self":[{"href":"https:\/\/hoteltorresmanlleu.com\/en\/wp-json\/wp\/v2\/pages\/3","targetHints":{"allow":["GET"]}}],"collection":[{"href":"https:\/\/hoteltorresmanlleu.com\/en\/wp-json\/wp\/v2\/pages"}],"about":[{"href":"https:\/\/hoteltorresmanlleu.com\/en\/wp-json\/wp\/v2\/types\/page"}],"author":[{"embeddable":true,"href":"https:\/\/hoteltorresmanlleu.com\/en\/wp-json\/wp\/v2\/users\/2"}],"replies":[{"embeddable":true,"href":"https:\/\/hoteltorresmanlleu.com\/en\/wp-json\/wp\/v2\/comments?post=3"}],"version-history":[{"count":8,"href":"https:\/\/hoteltorresmanlleu.com\/en\/wp-json\/wp\/v2\/pages\/3\/revisions"}],"predecessor-version":[{"id":3258,"href":"https:\/\/hoteltorresmanlleu.com\/en\/wp-json\/wp\/v2\/pages\/3\/revisions\/3258"}],"wp:attachment":[{"href":"https:\/\/hoteltorresmanlleu.com\/en\/wp-json\/wp\/v2\/media?parent=3"}],"curies":[{"name":"wp","href":"https:\/\/api.w.org\/{rel}","templated":true}]}}