{"id":2197,"date":"2023-03-14T14:37:09","date_gmt":"2023-03-14T14:37:09","guid":{"rendered":"https:\/\/hoteltorresmanlleu.com\/?post_type=product&#038;p=2197"},"modified":"2023-05-08T11:10:49","modified_gmt":"2023-05-08T11:10:49","slug":"pack-escapada-en-familia","status":"publish","type":"product","link":"https:\/\/hoteltorresmanlleu.com\/ca\/producte\/pack-escapada-en-familia\/","title":{"rendered":"Pack Escapada en fam\u00edlia"},"content":{"rendered":"<h2><strong>Qu\u00e8 inclou al nostre Pack Escapada en Fam\u00edlia?<\/strong><\/h2>\n<ul>\n<li>Allotjament a l&#039;habitaci\u00f3 qu\u00e0druple de l&#039;Hotel Cims Camprodon<\/li>\n<li>Late Check Out (subjecte a disponibilitat)<\/li>\n<li>Pla\u00e7a P\u00e0rquing de l&#039;Hotel (subjecte a disponibilitat)<\/li>\n<\/ul>\n<p>***Si vols incloure l&#039;esmorzar demana&#039;ns-ho per mail<\/p>\n<p><strong>Disponibilitat: <\/strong>Pack est\u00e0 disponible durant tot l\u00b4any en temporada baixa.<\/p>\n<p><strong>Quins dies \u00e9s v\u00e0lid? <\/strong>El Pack Escapada en Fam\u00edlia es pot bescanviar qualsevol divendres de temporada baixa.<\/p>\n<p><strong>Com rebr\u00e9 el xec? <\/strong>Un cop comprat el xec regal, rebr\u00e0s un val en format PDF pel correu electr\u00f2nic que ens hagis adjuntat.<\/p>\n<p><strong>Com puc bescanviar el Xec? <\/strong>Per bescanviar el xec i reservar, haur\u00e0s de trucar a l'hotel <a href=\"tel: +34 972 753 092\">al +34 972 753 092 <\/a>o enviar un correu a <a href=\"mailto:info@hoteltorresmanlleu.com\">info@hoteltorresmanlleu.com<\/a> dient els dies que desitges fer la reserva. Tot seguit, rebr\u00e0s un correu confirmant la teva reserva.<\/p>\n<p>&nbsp;<\/p>","protected":false},"excerpt":{"rendered":"<p>Aconsegueix el teu Pack Escapada a Fam\u00edlia a l&#039;Hotel Cims Camprodon. Ideal per desconnectar i gaudir d\u00b4una escapada m\u00e0gica en fam\u00edlia a la Vall de Camprodon.<\/p>\n<p>L&#039;Hotel Cims Camprodon \u00e9s un hotel B&amp;B petit i c\u00e0lid ubicat al centre de Camprodon, ideal per a una escapada en fam\u00edlia.<\/p>","protected":false},"featured_media":0,"comment_status":"closed","ping_status":"closed","template":"","meta":{"site-sidebar-layout":"default","site-content-layout":"default","ast-site-content-layout":"","site-content-style":"default","site-sidebar-style":"default","ast-global-header-display":"","ast-banner-title-visibility":"","ast-main-header-display":"","ast-hfb-above-header-display":"","ast-hfb-below-header-display":"","ast-hfb-mobile-header-display":"","site-post-title":"","ast-breadcrumbs-content":"","ast-featured-img":"","footer-sml-layout":"","theme-transparent-header-meta":"default","adv-header-id-meta":"","stick-header-meta":"default","header-above-stick-meta":"","header-main-stick-meta":"","header-below-stick-meta":"","astra-migrate-meta-layouts":"default","ast-page-background-enabled":"default","ast-page-background-meta":{"desktop":{"background-color":"","background-image":"","background-repeat":"repeat","background-position":"center center","background-size":"auto","background-attachment":"scroll","background-type":"","background-media":"","overlay-type":"","overlay-color":"","overlay-gradient":""},"tablet":{"background-color":"","background-image":"","background-repeat":"repeat","background-position":"center center","background-size":"auto","background-attachment":"scroll","background-type":"","background-media":"","overlay-type":"","overlay-color":"","overlay-gradient":""},"mobile":{"background-color":"","background-image":"","background-repeat":"repeat","background-position":"center center","background-size":"auto","background-attachment":"scroll","background-type":"","background-media":"","overlay-type":"","overlay-color":"","overlay-gradient":""}},"ast-content-background-meta":{"desktop":{"background-color":"var(--ast-global-color-5)","background-image":"","background-repeat":"repeat","background-position":"center center","background-size":"auto","background-attachment":"scroll","background-type":"","background-media":"","overlay-type":"","overlay-color":"","overlay-gradient":""},"tablet":{"background-color":"var(--ast-global-color-5)","background-image":"","background-repeat":"repeat","background-position":"center center","background-size":"auto","background-attachment":"scroll","background-type":"","background-media":"","overlay-type":"","overlay-color":"","overlay-gradient":""},"mobile":{"background-color":"var(--ast-global-color-5)","background-image":"","background-repeat":"repeat","background-position":"center center","background-size":"auto","background-attachment":"scroll","background-type":"","background-media":"","overlay-type":"","overlay-color":"","overlay-gradient":""}}},"product_brand":[],"product_cat":[20],"product_tag":[],"class_list":{"0":"post-2197","1":"product","2":"type-product","3":"status-publish","5":"product_cat-sin-categorizar","6":"desktop-align-left","7":"tablet-align-left","8":"mobile-align-left","9":"ast-product-gallery-layout-horizontal-slider","10":"ast-product-single-variable","11":"ast-product-tabs-layout-horizontal","13":"first","14":"instock","15":"sale","16":"shipping-taxable","17":"purchasable","18":"product-type-variable"},"yoast_head":"<!-- This site is optimized with the Yoast SEO plugin v27.1.1 - https:\/\/yoast.com\/product\/yoast-seo-wordpress\/ -->\n<title>Pack Escapada en Familia | Hotel Cims Camprodon<\/title>\n<meta name=\"description\" content=\"Disfruta del Pack Escapada en Familia del Hotel Cims Camprodon. Ideal para una escapada m\u00e1gica en familia en el valle de Camprodon.\" \/>\n<meta name=\"robots\" content=\"index, follow, max-snippet:-1, max-image-preview:large, max-video-preview:-1\" \/>\n<link rel=\"canonical\" href=\"https:\/\/hoteltorresmanlleu.com\/ca\/producte\/pack-escapada-en-familia\/\" \/>\n<meta property=\"og:locale\" content=\"ca_ES\" \/>\n<meta property=\"og:type\" content=\"article\" \/>\n<meta property=\"og:title\" content=\"Pack Escapada en Familia | Hotel Cims Camprodon\" \/>\n<meta property=\"og:description\" content=\"Disfruta del Pack Escapada en Familia del Hotel Cims Camprodon. Ideal para una escapada m\u00e1gica en familia en el valle de Camprodon.\" \/>\n<meta property=\"og:url\" content=\"https:\/\/hoteltorresmanlleu.com\/ca\/producte\/pack-escapada-en-familia\/\" \/>\n<meta property=\"og:site_name\" content=\"Hotel Torres Manlleu\" \/>\n<meta property=\"article:modified_time\" content=\"2023-05-08T11:10:49+00:00\" \/>\n<meta property=\"og:image\" content=\"https:\/\/hoteltorresmanlleu.com\/wp-content\/uploads\/2023\/03\/20221123_Cims_166-1.jpg\" \/>\n\t<meta property=\"og:image:width\" content=\"2500\" \/>\n\t<meta property=\"og:image:height\" content=\"1667\" \/>\n\t<meta property=\"og:image:type\" content=\"image\/jpeg\" \/>\n<meta name=\"twitter:card\" content=\"summary_large_image\" \/>\n<meta name=\"twitter:label1\" content=\"Temps estimat de lectura\" \/>\n\t<meta name=\"twitter:data1\" content=\"1 minut\" \/>\n<script type=\"application\/ld+json\" class=\"yoast-schema-graph\">{\"@context\":\"https:\/\/schema.org\",\"@graph\":[{\"@type\":\"WebPage\",\"@id\":\"https:\/\/hoteltorresmanlleu.com\/producto\/pack-escapada-en-familia\/\",\"url\":\"https:\/\/hoteltorresmanlleu.com\/producto\/pack-escapada-en-familia\/\",\"name\":\"Pack Escapada en Familia | Hotel Cims Camprodon\",\"isPartOf\":{\"@id\":\"\/#website\"},\"datePublished\":\"2023-03-14T14:37:09+00:00\",\"dateModified\":\"2023-05-08T11:10:49+00:00\",\"description\":\"Disfruta del Pack Escapada en Familia del Hotel Cims Camprodon. Ideal para una escapada m\u00e1gica en familia en el valle de Camprodon.\",\"breadcrumb\":{\"@id\":\"https:\/\/hoteltorresmanlleu.com\/producto\/pack-escapada-en-familia\/#breadcrumb\"},\"inLanguage\":\"ca\",\"potentialAction\":[{\"@type\":\"ReadAction\",\"target\":[\"https:\/\/hoteltorresmanlleu.com\/producto\/pack-escapada-en-familia\/\"]}]},{\"@type\":\"BreadcrumbList\",\"@id\":\"https:\/\/hoteltorresmanlleu.com\/producto\/pack-escapada-en-familia\/#breadcrumb\",\"itemListElement\":[{\"@type\":\"ListItem\",\"position\":1,\"name\":\"Portada\",\"item\":\"https:\/\/hoteltorresmanlleu.com\/\"},{\"@type\":\"ListItem\",\"position\":2,\"name\":\"Pack Escapada en familia\"}]},{\"@type\":\"WebSite\",\"@id\":\"\/#website\",\"url\":\"\/\",\"name\":\"Hotel Torres Manlleu\",\"description\":\"El Hotel Torres Manlleu es un hotel ubicado en el centro de la ciudad de Manlleu. Hotel con restaurante situado al lado del R\u00edo Ter.\",\"publisher\":{\"@id\":\"\/#organization\"},\"potentialAction\":[{\"@type\":\"SearchAction\",\"target\":{\"@type\":\"EntryPoint\",\"urlTemplate\":\"\/?s={search_term_string}\"},\"query-input\":{\"@type\":\"PropertyValueSpecification\",\"valueRequired\":true,\"valueName\":\"search_term_string\"}}],\"inLanguage\":\"ca\"},{\"@type\":\"Organization\",\"@id\":\"\/#organization\",\"name\":\"Hotel Torres Manlleu\",\"url\":\"\/\",\"logo\":{\"@type\":\"ImageObject\",\"inLanguage\":\"ca\",\"@id\":\"\/#\/schema\/logo\/image\/\",\"url\":\"\",\"contentUrl\":\"\",\"caption\":\"Hotel Torres Manlleu\"},\"image\":{\"@id\":\"\/#\/schema\/logo\/image\/\"}}]}<\/script>\n<!-- \/ Yoast SEO plugin. -->","yoast_head_json":{"title":"Pack Escapada a Fam\u00edlia | Hotel Cims Camprodon","description":"Gaudeix del Pack Escapada a Fam\u00edlia de l&#039;Hotel Cims Camprodon. Ideal per a una escapada m\u00e0gica en fam\u00edlia a la vall de Camprodon.","robots":{"index":"index","follow":"follow","max-snippet":"max-snippet:-1","max-image-preview":"max-image-preview:large","max-video-preview":"max-video-preview:-1"},"canonical":"https:\/\/hoteltorresmanlleu.com\/ca\/producte\/pack-escapada-en-familia\/","og_locale":"ca_ES","og_type":"article","og_title":"Pack Escapada en Familia | Hotel Cims Camprodon","og_description":"Disfruta del Pack Escapada en Familia del Hotel Cims Camprodon. Ideal para una escapada m\u00e1gica en familia en el valle de Camprodon.","og_url":"https:\/\/hoteltorresmanlleu.com\/ca\/producte\/pack-escapada-en-familia\/","og_site_name":"Hotel Torres Manlleu","article_modified_time":"2023-05-08T11:10:49+00:00","og_image":[{"width":2500,"height":1667,"url":"https:\/\/hoteltorresmanlleu.com\/wp-content\/uploads\/2023\/03\/20221123_Cims_166-1.jpg","type":"image\/jpeg"}],"twitter_card":"summary_large_image","twitter_misc":{"Temps estimat de lectura":"1 minut"},"schema":{"@context":"https:\/\/schema.org","@graph":[{"@type":"WebPage","@id":"https:\/\/hoteltorresmanlleu.com\/producto\/pack-escapada-en-familia\/","url":"https:\/\/hoteltorresmanlleu.com\/producto\/pack-escapada-en-familia\/","name":"Pack Escapada a Fam\u00edlia | Hotel Cims Camprodon","isPartOf":{"@id":"\/#website"},"datePublished":"2023-03-14T14:37:09+00:00","dateModified":"2023-05-08T11:10:49+00:00","description":"Gaudeix del Pack Escapada a Fam\u00edlia de l&#039;Hotel Cims Camprodon. Ideal per a una escapada m\u00e0gica en fam\u00edlia a la vall de Camprodon.","breadcrumb":{"@id":"https:\/\/hoteltorresmanlleu.com\/producto\/pack-escapada-en-familia\/#breadcrumb"},"inLanguage":"ca","potentialAction":[{"@type":"ReadAction","target":["https:\/\/hoteltorresmanlleu.com\/producto\/pack-escapada-en-familia\/"]}]},{"@type":"BreadcrumbList","@id":"https:\/\/hoteltorresmanlleu.com\/producto\/pack-escapada-en-familia\/#breadcrumb","itemListElement":[{"@type":"ListItem","position":1,"name":"Portada","item":"https:\/\/hoteltorresmanlleu.com\/"},{"@type":"ListItem","position":2,"name":"Pack Escapada en familia"}]},{"@type":"WebSite","@id":"\/#website","url":"\/","name":"Hotel Torres Manlleu","description":"L&#039;Hotel Torres Manlleu \u00e9s un hotel ubicat al centre de la ciutat de Manlleu. Hotel amb restaurant situat al costat del riu Ter.","publisher":{"@id":"\/#organization"},"potentialAction":[{"@type":"SearchAction","target":{"@type":"EntryPoint","urlTemplate":"\/?s={search_term_string}"},"query-input":{"@type":"PropertyValueSpecification","valueRequired":true,"valueName":"search_term_string"}}],"inLanguage":"ca"},{"@type":"Organization","@id":"\/#organization","name":"Hotel Torres Manlleu","url":"\/","logo":{"@type":"ImageObject","inLanguage":"ca","@id":"\/#\/schema\/logo\/image\/","url":"","contentUrl":"","caption":"Hotel Torres Manlleu"},"image":{"@id":"\/#\/schema\/logo\/image\/"}}]}},"_links":{"self":[{"href":"https:\/\/hoteltorresmanlleu.com\/ca\/wp-json\/wp\/v2\/product\/2197","targetHints":{"allow":["GET"]}}],"collection":[{"href":"https:\/\/hoteltorresmanlleu.com\/ca\/wp-json\/wp\/v2\/product"}],"about":[{"href":"https:\/\/hoteltorresmanlleu.com\/ca\/wp-json\/wp\/v2\/types\/product"}],"replies":[{"embeddable":true,"href":"https:\/\/hoteltorresmanlleu.com\/ca\/wp-json\/wp\/v2\/comments?post=2197"}],"wp:attachment":[{"href":"https:\/\/hoteltorresmanlleu.com\/ca\/wp-json\/wp\/v2\/media?parent=2197"}],"wp:term":[{"taxonomy":"product_brand","embeddable":true,"href":"https:\/\/hoteltorresmanlleu.com\/ca\/wp-json\/wp\/v2\/product_brand?post=2197"},{"taxonomy":"product_cat","embeddable":true,"href":"https:\/\/hoteltorresmanlleu.com\/ca\/wp-json\/wp\/v2\/product_cat?post=2197"},{"taxonomy":"product_tag","embeddable":true,"href":"https:\/\/hoteltorresmanlleu.com\/ca\/wp-json\/wp\/v2\/product_tag?post=2197"}],"curies":[{"name":"wp","href":"https:\/\/api.w.org\/{rel}","templated":true}]}}